{"id":1359,"date":"2025-05-01T18:17:59","date_gmt":"2025-05-01T18:17:59","guid":{"rendered":"https:\/\/janine-weikum.de\/?page_id=1359"},"modified":"2025-05-13T18:36:52","modified_gmt":"2025-05-13T18:36:52","slug":"yoga-im-unternehmen","status":"publish","type":"page","link":"https:\/\/janine-weikum.de\/?page_id=1359","title":{"rendered":"Yoga im Unternehmen"},"content":{"rendered":"\t\t<div data-elementor-type=\"wp-page\" data-elementor-id=\"1359\" class=\"elementor elementor-1359\" data-elementor-post-type=\"page\">\n\t\t\t\t<div class=\"elementor-element elementor-element-e90c515 e-flex e-con-boxed e-con e-parent\" data-id=\"e90c515\" data-element_type=\"container\" data-settings=\"{&quot;background_background&quot;:&quot;classic&quot;}\">\n\t\t\t\t\t<div class=\"e-con-inner\">\n\t\t\t\t<div class=\"elementor-element elementor-element-e6a626c elementor-widget elementor-widget-spacer\" data-id=\"e6a626c\" data-element_type=\"widget\" data-widget_type=\"spacer.default\">\n\t\t\t\t<div class=\"elementor-widget-container\">\n\t\t\t\t\t\t\t<div class=\"elementor-spacer\">\n\t\t\t<div class=\"elementor-spacer-inner\"><\/div>\n\t\t<\/div>\n\t\t\t\t\t\t<\/div>\n\t\t\t\t<\/div>\n\t\t\t\t<div class=\"elementor-element elementor-element-136ea5d elementor-widget elementor-widget-heading\" data-id=\"136ea5d\" data-element_type=\"widget\" data-widget_type=\"heading.default\">\n\t\t\t\t<div class=\"elementor-widget-container\">\n\t\t\t\t\t<h2 class=\"elementor-heading-title elementor-size-default\">Yoga im Unternehmen \u2013 weil Gesundheit am Arbeitsplatz beginnt<\/h2>\t\t\t\t<\/div>\n\t\t\t\t<\/div>\n\t\t\t\t\t<\/div>\n\t\t\t\t<\/div>\n\t\t<div class=\"elementor-element elementor-element-a3db180 e-flex e-con-boxed e-con e-parent\" data-id=\"a3db180\" data-element_type=\"container\" data-settings=\"{&quot;background_background&quot;:&quot;classic&quot;}\">\n\t\t\t\t\t<div class=\"e-con-inner\">\n\t\t\t\t<div class=\"elementor-element elementor-element-eef898b elementor-widget elementor-widget-text-editor\" data-id=\"eef898b\" data-element_type=\"widget\" data-widget_type=\"text-editor.default\">\n\t\t\t\t<div class=\"elementor-widget-container\">\n\t\t\t\t\t\t\t\t\t<p><span style=\"font-weight: 400;\">Ein bisschen mehr Leichtigkeit im Alltag, weniger Verspannung im R\u00fccken und ein klarer Kopf \u2013 all das kann Yoga auch im Arbeitsumfeld schenken. Immer mehr Unternehmen investieren in die Gesundheit ihrer Mitarbeitenden. Und das zahlt sich aus: f\u00fcr die Menschen, f\u00fcr das Teamgef\u00fchl und f\u00fcr die gesamte Arbeitsatmosph\u00e4re.<\/span><\/p><p><span style=\"font-weight: 400;\">Ich komme direkt zu euch ins Unternehmen \u2013 mit Yoga Einheiten, die neue Energie bringen, Verspannungen l\u00f6sen und einen Moment der Ruhe in den oft vollen Arbeitstag bringen. Ob als Start in den Tag, in der Mittagspause oder als kleine Auszeit zwischendurch \u2013 wir finden gemeinsam den Rhythmus, der zu eurem Team passt.<\/span><\/p><p><span style=\"font-weight: 400;\">Die Stunden sind so aufgebaut, dass sie jedem gut tun \u2013 ganz unabh\u00e4ngig vom Alter oder dem Fitnesslevel. Wir mobilisieren den K\u00f6rper, bringen wieder L\u00e4nge in R\u00fccken und Nacken, st\u00e4rken die K\u00f6rpermitte und helfen, Spannungen abzubauen. Ideal f\u00fcr alle, die viel sitzen oder k\u00f6rperlich arbeiten.<\/span><\/p><p><span style=\"font-weight: 400;\">Das Ziel?<\/span><span style=\"font-weight: 400;\"><br \/><\/span><span style=\"font-weight: 400;\">Mehr K\u00f6rpergef\u00fchl, mehr Ausgeglichenheit \u2013 und ein Arbeitsalltag mit weniger Stress. Ganz nebenbei st\u00e4rkt Yoga das Wir-Gef\u00fchl und sorgt f\u00fcr mehr Zufriedenheit, Motivation und Wohlbefinden im Team.<\/span><\/p><p><b>Organisatorisches auf einen Blick:<\/b><b><br \/><\/b><b><br \/><\/b><span style=\"font-weight: 400;\"> \u2013 Kursstart: flexibel<\/span><span style=\"font-weight: 400;\"><br \/><\/span><span style=\"font-weight: 400;\"> \u2013 Empfehlenswert: w\u00f6chentliche Einheit (mind. 10 Termine)<\/span><span style=\"font-weight: 400;\"><br \/><\/span><span style=\"font-weight: 400;\"> \u2013 Mindestteilnehmerzahl: 6<\/span><span style=\"font-weight: 400;\"><br \/><\/span><span style=\"font-weight: 400;\"> \u2013 Fahrtkosten: werden separat berechnet<\/span><\/p><p><span style=\"font-weight: 400;\">Ich freue mich, wenn ich euer Team ein St\u00fcck auf dem Weg zu mehr Wohlbefinden begleiten darf \u2013 mit einem Angebot, das K\u00f6rper, Kopf und Herz gleicherma\u00dfen st\u00e4rkt.<\/span><\/p>\t\t\t\t\t\t\t\t<\/div>\n\t\t\t\t<\/div>\n\t\t\t\t<div class=\"elementor-element elementor-element-b9be142 elementor-align-center elementor-widget elementor-widget-button\" data-id=\"b9be142\" data-element_type=\"widget\" data-widget_type=\"button.default\">\n\t\t\t\t<div class=\"elementor-widget-container\">\n\t\t\t\t\t\t\t\t\t<div class=\"elementor-button-wrapper\">\n\t\t\t\t\t<a class=\"elementor-button elementor-button-link elementor-size-sm\" href=\"https:\/\/janine-weikum.de\/?page_id=1371\">\n\t\t\t\t\t\t<span class=\"elementor-button-content-wrapper\">\n\t\t\t\t\t\t<span class=\"elementor-button-icon\">\n\t\t\t\t<svg aria-hidden=\"true\" class=\"e-font-icon-svg e-far-arrow-alt-circle-right\" viewBox=\"0 0 512 512\" xmlns=\"http:\/\/www.w3.org\/2000\/svg\"><path d=\"M504 256C504 119 393 8 256 8S8 119 8 256s111 248 248 248 248-111 248-248zm-448 0c0-110.5 89.5-200 200-200s200 89.5 200 200-89.5 200-200 200S56 366.5 56 256zm72 20v-40c0-6.6 5.4-12 12-12h116v-67c0-10.7 12.9-16 20.5-8.5l99 99c4.7 4.7 4.7 12.3 0 17l-99 99c-7.6 7.6-20.5 2.2-20.5-8.5v-67H140c-6.6 0-12-5.4-12-12z\"><\/path><\/svg>\t\t\t<\/span>\n\t\t\t\t\t\t\t\t\t<span class=\"elementor-button-text\">Buche jetzt f\u00fcr die Gesundheit deiner Mitarbeiter!<\/span>\n\t\t\t\t\t<\/span>\n\t\t\t\t\t<\/a>\n\t\t\t\t<\/div>\n\t\t\t\t\t\t\t\t<\/div>\n\t\t\t\t<\/div>\n\t\t\t\t<div class=\"elementor-element elementor-element-f36d1be elementor-widget elementor-widget-spacer\" data-id=\"f36d1be\" data-element_type=\"widget\" data-widget_type=\"spacer.default\">\n\t\t\t\t<div class=\"elementor-widget-container\">\n\t\t\t\t\t\t\t<div class=\"elementor-spacer\">\n\t\t\t<div class=\"elementor-spacer-inner\"><\/div>\n\t\t<\/div>\n\t\t\t\t\t\t<\/div>\n\t\t\t\t<\/div>\n\t\t\t\t\t<\/div>\n\t\t\t\t<\/div>\n\t\t<div class=\"elementor-element elementor-element-5b5115d e-flex e-con-boxed e-con e-parent\" data-id=\"5b5115d\" data-element_type=\"container\">\n\t\t\t\t\t<div class=\"e-con-inner\">\n\t\t\t\t\t<\/div>\n\t\t\t\t<\/div>\n\t\t\t\t<\/div>\n\t\t","protected":false},"excerpt":{"rendered":"<p>Yoga im Unternehmen \u2013 weil Gesundheit am Arbeitsplatz beginnt Ein bisschen mehr Leichtigkeit im Alltag, weniger Verspannung im R\u00fccken und ein klarer Kopf \u2013 all das kann Yoga auch im Arbeitsumfeld schenken. Immer mehr Unternehmen investieren in die Gesundheit ihrer Mitarbeitenden. Und das zahlt sich aus: f\u00fcr die Menschen, f\u00fcr das Teamgef\u00fchl und f\u00fcr die [&hellip;]<\/p>\n","protected":false},"author":1,"featured_media":0,"parent":0,"menu_order":0,"comment_status":"closed","ping_status":"closed","template":"","meta":{"footnotes":""},"class_list":["post-1359","page","type-page","status-publish","hentry","entry"],"yoast_head":"<!-- This site is optimized with the Yoast SEO plugin v25.2 - https:\/\/yoast.com\/wordpress\/plugins\/seo\/ -->\n<title>Yoga im Unternehmen - \u201eEntspanne mit Yoga und Fu\u00dfmassage \u2013 f\u00fcr ein rundum wohltuendes K\u00f6rpergef\u00fchl und mehr Ausgeglichenheit.\u201c<\/title>\n<meta name=\"robots\" content=\"index, follow, max-snippet:-1, max-image-preview:large, max-video-preview:-1\" \/>\n<link rel=\"canonical\" href=\"https:\/\/janine-weikum.de\/?page_id=1359\" \/>\n<meta property=\"og:locale\" content=\"de_DE\" \/>\n<meta property=\"og:type\" content=\"article\" \/>\n<meta property=\"og:title\" content=\"Yoga im Unternehmen - \u201eEntspanne mit Yoga und Fu\u00dfmassage \u2013 f\u00fcr ein rundum wohltuendes K\u00f6rpergef\u00fchl und mehr Ausgeglichenheit.\u201c\" \/>\n<meta property=\"og:description\" content=\"Yoga im Unternehmen \u2013 weil Gesundheit am Arbeitsplatz beginnt Ein bisschen mehr Leichtigkeit im Alltag, weniger Verspannung im R\u00fccken und ein klarer Kopf \u2013 all das kann Yoga auch im Arbeitsumfeld schenken. Immer mehr Unternehmen investieren in die Gesundheit ihrer Mitarbeitenden. Und das zahlt sich aus: f\u00fcr die Menschen, f\u00fcr das Teamgef\u00fchl und f\u00fcr die [&hellip;]\" \/>\n<meta property=\"og:url\" content=\"https:\/\/janine-weikum.de\/?page_id=1359\" \/>\n<meta property=\"og:site_name\" content=\"\u201eEntspanne mit Yoga und Fu\u00dfmassage \u2013 f\u00fcr ein rundum wohltuendes K\u00f6rpergef\u00fchl und mehr Ausgeglichenheit.\u201c\" \/>\n<meta property=\"article:modified_time\" content=\"2025-05-13T18:36:52+00:00\" \/>\n<meta property=\"og:image\" content=\"https:\/\/janine-weikum.de\/wp-content\/uploads\/2016\/11\/Logos_Allg.png\" \/>\n\t<meta property=\"og:image:width\" content=\"420\" \/>\n\t<meta property=\"og:image:height\" content=\"420\" \/>\n\t<meta property=\"og:image:type\" content=\"image\/png\" \/>\n<meta name=\"twitter:card\" content=\"summary_large_image\" \/>\n<meta name=\"twitter:label1\" content=\"Gesch\u00e4tzte Lesezeit\" \/>\n\t<meta name=\"twitter:data1\" content=\"2\u00a0Minuten\" \/>\n<script type=\"application\/ld+json\" class=\"yoast-schema-graph\">{\"@context\":\"https:\/\/schema.org\",\"@graph\":[{\"@type\":\"WebPage\",\"@id\":\"https:\/\/janine-weikum.de\/?page_id=1359\",\"url\":\"https:\/\/janine-weikum.de\/?page_id=1359\",\"name\":\"Yoga im Unternehmen - \u201eEntspanne mit Yoga und Fu\u00dfmassage \u2013 f\u00fcr ein rundum wohltuendes K\u00f6rpergef\u00fchl und mehr Ausgeglichenheit.\u201c\",\"isPartOf\":{\"@id\":\"https:\/\/janine-weikum.de\/#website\"},\"datePublished\":\"2025-05-01T18:17:59+00:00\",\"dateModified\":\"2025-05-13T18:36:52+00:00\",\"breadcrumb\":{\"@id\":\"https:\/\/janine-weikum.de\/?page_id=1359#breadcrumb\"},\"inLanguage\":\"de\",\"potentialAction\":[{\"@type\":\"ReadAction\",\"target\":[\"https:\/\/janine-weikum.de\/?page_id=1359\"]}]},{\"@type\":\"BreadcrumbList\",\"@id\":\"https:\/\/janine-weikum.de\/?page_id=1359#breadcrumb\",\"itemListElement\":[{\"@type\":\"ListItem\",\"position\":1,\"name\":\"Startseite\",\"item\":\"https:\/\/janine-weikum.de\/\"},{\"@type\":\"ListItem\",\"position\":2,\"name\":\"Yoga im Unternehmen\"}]},{\"@type\":\"WebSite\",\"@id\":\"https:\/\/janine-weikum.de\/#website\",\"url\":\"https:\/\/janine-weikum.de\/\",\"name\":\"\u201eEntspanne mit Yoga und Fu\u00dfmassage \u2013 f\u00fcr ein rundum wohltuendes K\u00f6rpergef\u00fchl und mehr Ausgeglichenheit.\u201c\",\"description\":\"Barfuss im Gleichgewicht \",\"publisher\":{\"@id\":\"https:\/\/janine-weikum.de\/#\/schema\/person\/c6c8e4b6f667602a7903f623dd37299c\"},\"alternateName\":\"barfuss Yoga + Fu\u00dfmassage\",\"potentialAction\":[{\"@type\":\"SearchAction\",\"target\":{\"@type\":\"EntryPoint\",\"urlTemplate\":\"https:\/\/janine-weikum.de\/?s={search_term_string}\"},\"query-input\":{\"@type\":\"PropertyValueSpecification\",\"valueRequired\":true,\"valueName\":\"search_term_string\"}}],\"inLanguage\":\"de\"},{\"@type\":[\"Person\",\"Organization\"],\"@id\":\"https:\/\/janine-weikum.de\/#\/schema\/person\/c6c8e4b6f667602a7903f623dd37299c\",\"name\":\"73935981\",\"image\":{\"@type\":\"ImageObject\",\"inLanguage\":\"de\",\"@id\":\"https:\/\/janine-weikum.de\/#\/schema\/person\/image\/\",\"url\":\"https:\/\/janine-weikum.de\/wp-content\/uploads\/2016\/11\/Logos_Allg.png\",\"contentUrl\":\"https:\/\/janine-weikum.de\/wp-content\/uploads\/2016\/11\/Logos_Allg.png\",\"width\":420,\"height\":420,\"caption\":\"73935981\"},\"logo\":{\"@id\":\"https:\/\/janine-weikum.de\/#\/schema\/person\/image\/\"},\"sameAs\":[\"https:\/\/www.instagram.com\/barfuss_yoga\/\"]}]}<\/script>\n<!-- \/ Yoast SEO plugin. -->","yoast_head_json":{"title":"Yoga im Unternehmen - \u201eEntspanne mit Yoga und Fu\u00dfmassage \u2013 f\u00fcr ein rundum wohltuendes K\u00f6rpergef\u00fchl und mehr Ausgeglichenheit.\u201c","robots":{"index":"index","follow":"follow","max-snippet":"max-snippet:-1","max-image-preview":"max-image-preview:large","max-video-preview":"max-video-preview:-1"},"canonical":"https:\/\/janine-weikum.de\/?page_id=1359","og_locale":"de_DE","og_type":"article","og_title":"Yoga im Unternehmen - \u201eEntspanne mit Yoga und Fu\u00dfmassage \u2013 f\u00fcr ein rundum wohltuendes K\u00f6rpergef\u00fchl und mehr Ausgeglichenheit.\u201c","og_description":"Yoga im Unternehmen \u2013 weil Gesundheit am Arbeitsplatz beginnt Ein bisschen mehr Leichtigkeit im Alltag, weniger Verspannung im R\u00fccken und ein klarer Kopf \u2013 all das kann Yoga auch im Arbeitsumfeld schenken. Immer mehr Unternehmen investieren in die Gesundheit ihrer Mitarbeitenden. Und das zahlt sich aus: f\u00fcr die Menschen, f\u00fcr das Teamgef\u00fchl und f\u00fcr die [&hellip;]","og_url":"https:\/\/janine-weikum.de\/?page_id=1359","og_site_name":"\u201eEntspanne mit Yoga und Fu\u00dfmassage \u2013 f\u00fcr ein rundum wohltuendes K\u00f6rpergef\u00fchl und mehr Ausgeglichenheit.\u201c","article_modified_time":"2025-05-13T18:36:52+00:00","og_image":[{"width":420,"height":420,"url":"https:\/\/janine-weikum.de\/wp-content\/uploads\/2016\/11\/Logos_Allg.png","type":"image\/png"}],"twitter_card":"summary_large_image","twitter_misc":{"Gesch\u00e4tzte Lesezeit":"2\u00a0Minuten"},"schema":{"@context":"https:\/\/schema.org","@graph":[{"@type":"WebPage","@id":"https:\/\/janine-weikum.de\/?page_id=1359","url":"https:\/\/janine-weikum.de\/?page_id=1359","name":"Yoga im Unternehmen - \u201eEntspanne mit Yoga und Fu\u00dfmassage \u2013 f\u00fcr ein rundum wohltuendes K\u00f6rpergef\u00fchl und mehr Ausgeglichenheit.\u201c","isPartOf":{"@id":"https:\/\/janine-weikum.de\/#website"},"datePublished":"2025-05-01T18:17:59+00:00","dateModified":"2025-05-13T18:36:52+00:00","breadcrumb":{"@id":"https:\/\/janine-weikum.de\/?page_id=1359#breadcrumb"},"inLanguage":"de","potentialAction":[{"@type":"ReadAction","target":["https:\/\/janine-weikum.de\/?page_id=1359"]}]},{"@type":"BreadcrumbList","@id":"https:\/\/janine-weikum.de\/?page_id=1359#breadcrumb","itemListElement":[{"@type":"ListItem","position":1,"name":"Startseite","item":"https:\/\/janine-weikum.de\/"},{"@type":"ListItem","position":2,"name":"Yoga im Unternehmen"}]},{"@type":"WebSite","@id":"https:\/\/janine-weikum.de\/#website","url":"https:\/\/janine-weikum.de\/","name":"\u201eEntspanne mit Yoga und Fu\u00dfmassage \u2013 f\u00fcr ein rundum wohltuendes K\u00f6rpergef\u00fchl und mehr Ausgeglichenheit.\u201c","description":"Barfuss im Gleichgewicht ","publisher":{"@id":"https:\/\/janine-weikum.de\/#\/schema\/person\/c6c8e4b6f667602a7903f623dd37299c"},"alternateName":"barfuss Yoga + Fu\u00dfmassage","potentialAction":[{"@type":"SearchAction","target":{"@type":"EntryPoint","urlTemplate":"https:\/\/janine-weikum.de\/?s={search_term_string}"},"query-input":{"@type":"PropertyValueSpecification","valueRequired":true,"valueName":"search_term_string"}}],"inLanguage":"de"},{"@type":["Person","Organization"],"@id":"https:\/\/janine-weikum.de\/#\/schema\/person\/c6c8e4b6f667602a7903f623dd37299c","name":"73935981","image":{"@type":"ImageObject","inLanguage":"de","@id":"https:\/\/janine-weikum.de\/#\/schema\/person\/image\/","url":"https:\/\/janine-weikum.de\/wp-content\/uploads\/2016\/11\/Logos_Allg.png","contentUrl":"https:\/\/janine-weikum.de\/wp-content\/uploads\/2016\/11\/Logos_Allg.png","width":420,"height":420,"caption":"73935981"},"logo":{"@id":"https:\/\/janine-weikum.de\/#\/schema\/person\/image\/"},"sameAs":["https:\/\/www.instagram.com\/barfuss_yoga\/"]}]}},"_links":{"self":[{"href":"https:\/\/janine-weikum.de\/index.php?rest_route=\/wp\/v2\/pages\/1359","targetHints":{"allow":["GET"]}}],"collection":[{"href":"https:\/\/janine-weikum.de\/index.php?rest_route=\/wp\/v2\/pages"}],"about":[{"href":"https:\/\/janine-weikum.de\/index.php?rest_route=\/wp\/v2\/types\/page"}],"author":[{"embeddable":true,"href":"https:\/\/janine-weikum.de\/index.php?rest_route=\/wp\/v2\/users\/1"}],"replies":[{"embeddable":true,"href":"https:\/\/janine-weikum.de\/index.php?rest_route=%2Fwp%2Fv2%2Fcomments&post=1359"}],"version-history":[{"count":34,"href":"https:\/\/janine-weikum.de\/index.php?rest_route=\/wp\/v2\/pages\/1359\/revisions"}],"predecessor-version":[{"id":2226,"href":"https:\/\/janine-weikum.de\/index.php?rest_route=\/wp\/v2\/pages\/1359\/revisions\/2226"}],"wp:attachment":[{"href":"https:\/\/janine-weikum.de\/index.php?rest_route=%2Fwp%2Fv2%2Fmedia&parent=1359"}],"curies":[{"name":"wp","href":"https:\/\/api.w.org\/{rel}","templated":true}]}}