{"id":1365,"date":"2025-05-01T18:19:26","date_gmt":"2025-05-01T18:19:26","guid":{"rendered":"https:\/\/janine-weikum.de\/?page_id=1365"},"modified":"2025-07-14T10:33:05","modified_gmt":"2025-07-14T10:33:05","slug":"chakra-energie-massage-am-fuss","status":"publish","type":"page","link":"https:\/\/janine-weikum.de\/?page_id=1365","title":{"rendered":"Chakra Energie Massage am Fu\u00df"},"content":{"rendered":"\t\t<div data-elementor-type=\"wp-page\" data-elementor-id=\"1365\" class=\"elementor elementor-1365\" data-elementor-post-type=\"page\">\n\t\t\t\t<div class=\"elementor-element elementor-element-8a01075 e-flex e-con-boxed e-con e-parent\" data-id=\"8a01075\" data-element_type=\"container\" data-settings=\"{&quot;background_background&quot;:&quot;classic&quot;}\">\n\t\t\t\t\t<div class=\"e-con-inner\">\n\t\t<div class=\"elementor-element elementor-element-7435a43 e-con-full e-flex e-con e-child\" data-id=\"7435a43\" data-element_type=\"container\">\n\t\t\t\t<div class=\"elementor-element elementor-element-2de4428 elementor-widget elementor-widget-spacer\" data-id=\"2de4428\" data-element_type=\"widget\" data-widget_type=\"spacer.default\">\n\t\t\t\t<div class=\"elementor-widget-container\">\n\t\t\t\t\t\t\t<div class=\"elementor-spacer\">\n\t\t\t<div class=\"elementor-spacer-inner\"><\/div>\n\t\t<\/div>\n\t\t\t\t\t\t<\/div>\n\t\t\t\t<\/div>\n\t\t\t\t<div class=\"elementor-element elementor-element-c19b3ab elementor-widget elementor-widget-heading\" data-id=\"c19b3ab\" data-element_type=\"widget\" data-widget_type=\"heading.default\">\n\t\t\t\t<div class=\"elementor-widget-container\">\n\t\t\t\t\t<h2 class=\"elementor-heading-title elementor-size-default\">Chakra-Energie-Massage \u2013 in Verbindung kommen, in Balance sein<\/h2>\t\t\t\t<\/div>\n\t\t\t\t<\/div>\n\t\t\t\t<div class=\"elementor-element elementor-element-f16e72a elementor-widget elementor-widget-text-editor\" data-id=\"f16e72a\" data-element_type=\"widget\" data-widget_type=\"text-editor.default\">\n\t\t\t\t<div class=\"elementor-widget-container\">\n\t\t\t\t\t\t\t\t\t<p><span style=\"font-weight: 400;\">Manchmal f\u00fchlen wir uns aus dem Gleichgewicht \u2013 innerlich unruhig, ersch\u00f6pft oder einfach nicht ganz bei uns. Die Chakra-Energie-Massage ist eine sanfte M\u00f6glichkeit, wieder mehr in Verbindung zu dir selbst zu kommen.<\/span><\/p><p><span style=\"font-weight: 400;\">In dieser besonderen Massage arbeite ich mit den Energiezentren deines K\u00f6rpers \u2013 den sogenannten Chakren. Durch achtsame Ber\u00fchrungen, ruhige Impulse und gezielte Massagegriffe entsteht ein tiefer Zustand der Entspannung. Blockaden k\u00f6nnen sich l\u00f6sen, die Energie darf wieder freier flie\u00dfen, du f\u00fchlst dich leichter, klarer, gest\u00e4rkter. <\/span><span style=\"font-weight: 400;\"><br \/><\/span><span style=\"font-weight: 400;\">Dazu w\u00e4hle ich f\u00fcr jedes Chakra die passenden Farben, Steine<\/span> <span style=\"font-weight: 400;\">und feine \u00d6le, die mit ihrer Wirkung tief ber\u00fchren. Sie begleiten die Massage auf liebevolle Weise und helfen deinem K\u00f6rper und deinem Inneren, wieder in Einklang zu kommen..\u00a0<\/span><\/p><p><span style=\"font-weight: 400;\">Jede Sitzung ist individuell und ganz auf dich abgestimmt. Vielleicht brauchst du Erdung und Ruhe, vielleicht mehr Leichtigkeit oder innere Klarheit. Du darfst einfach sein \u2013 ohne Erwartungen, ohne Druck.<\/span><span style=\"font-weight: 400;\"><br \/><\/span><span style=\"font-weight: 400;\"><br \/><\/span><span style=\"font-weight: 400;\">Ich empfehle dir 7 Termine in Folge \u2013 so k\u00f6nnen wir uns bei jedem Treffen liebevoll einem einzelnen Chakra widmen. Nat\u00fcrlich schauen wir immer auf dich als Ganzes, aber Schritt f\u00fcr Schritt darf so Ver\u00e4nderung geschehen \u2013 ganz sanft, ganz in deinem Tempo.<\/span><\/p><p><span style=\"font-weight: 400;\">Ich halte den Raum f\u00fcr dich, so wie du bist. Mit W\u00e4rme, Achtsamkeit und dem Wunsch, dass du gest\u00e4rkt, verbunden und mit einem L\u00e4cheln wieder aufstehst.<\/span><\/p><p><span style=\"font-weight: 400;\">Wenn du neugierig bist oder sp\u00fcrst, dass es Zeit f\u00fcr eine tiefe Pause ist \u2013 melde dich gerne bei mir. Ich freue mich, dich ein St\u00fcck auf deinem Weg zu begleiten.<br \/><\/span><strong>Dauer: 50 Minuten<br \/><\/strong><strong>Ausgleich: 63 Euro<br \/><\/strong><\/p>\t\t\t\t\t\t\t\t<\/div>\n\t\t\t\t<\/div>\n\t\t\t\t<\/div>\n\t\t\t\t<div class=\"elementor-element elementor-element-313412b elementor-align-center elementor-widget elementor-widget-button\" data-id=\"313412b\" data-element_type=\"widget\" data-widget_type=\"button.default\">\n\t\t\t\t<div class=\"elementor-widget-container\">\n\t\t\t\t\t\t\t\t\t<div class=\"elementor-button-wrapper\">\n\t\t\t\t\t<a class=\"elementor-button elementor-button-link elementor-size-sm\" href=\"https:\/\/janine-weikum.de\/?page_id=1371\">\n\t\t\t\t\t\t<span class=\"elementor-button-content-wrapper\">\n\t\t\t\t\t\t<span class=\"elementor-button-icon\">\n\t\t\t\t<svg aria-hidden=\"true\" class=\"e-font-icon-svg e-far-grin-hearts\" viewBox=\"0 0 496 512\" xmlns=\"http:\/\/www.w3.org\/2000\/svg\"><path d=\"M353.6 304.6c-25.9 8.3-64.4 13.1-105.6 13.1s-79.6-4.8-105.6-13.1c-9.8-3.1-19.4 5.3-17.7 15.3 7.9 47.2 71.3 80 123.3 80s115.3-32.9 123.3-80c1.6-9.8-7.7-18.4-17.7-15.3zm-152.8-48.9c4.5 1.2 9.2-1.5 10.5-6l19.4-69.9c5.6-20.3-7.4-41.1-28.8-44.5-18.6-3-36.4 9.8-41.5 27.9l-2 7.1-7.1-1.9c-18.2-4.7-38.2 4.3-44.9 22-7.7 20.2 3.8 41.9 24.2 47.2l70.2 18.1zm188.8-65.3c-6.7-17.6-26.7-26.7-44.9-22l-7.1 1.9-2-7.1c-5-18.1-22.8-30.9-41.5-27.9-21.4 3.4-34.4 24.2-28.8 44.5l19.4 69.9c1.2 4.5 5.9 7.2 10.5 6l70.2-18.2c20.4-5.3 31.9-26.9 24.2-47.1zM248 8C111 8 0 119 0 256s111 248 248 248 248-111 248-248S385 8 248 8zm0 448c-110.3 0-200-89.7-200-200S137.7 56 248 56s200 89.7 200 200-89.7 200-200 200z\"><\/path><\/svg>\t\t\t<\/span>\n\t\t\t\t\t\t\t\t\t<span class=\"elementor-button-text\">Vereinbare direkt einen Termin f\u00fcr deine Chakra- Energie-Massage<\/span>\n\t\t\t\t\t<\/span>\n\t\t\t\t\t<\/a>\n\t\t\t\t<\/div>\n\t\t\t\t\t\t\t\t<\/div>\n\t\t\t\t<\/div>\n\t\t\t\t<div class=\"elementor-element elementor-element-1c18380 elementor-widget elementor-widget-spacer\" data-id=\"1c18380\" data-element_type=\"widget\" data-widget_type=\"spacer.default\">\n\t\t\t\t<div class=\"elementor-widget-container\">\n\t\t\t\t\t\t\t<div class=\"elementor-spacer\">\n\t\t\t<div class=\"elementor-spacer-inner\"><\/div>\n\t\t<\/div>\n\t\t\t\t\t\t<\/div>\n\t\t\t\t<\/div>\n\t\t\t\t\t<\/div>\n\t\t\t\t<\/div>\n\t\t<div class=\"elementor-element elementor-element-5966021 e-flex e-con-boxed e-con e-parent\" data-id=\"5966021\" data-element_type=\"container\">\n\t\t\t\t\t<div class=\"e-con-inner\">\n\t\t\t\t\t<\/div>\n\t\t\t\t<\/div>\n\t\t\t\t<\/div>\n\t\t","protected":false},"excerpt":{"rendered":"<p>Chakra-Energie-Massage \u2013 in Verbindung kommen, in Balance sein Manchmal f\u00fchlen wir uns aus dem Gleichgewicht \u2013 innerlich unruhig, ersch\u00f6pft oder einfach nicht ganz bei uns. Die Chakra-Energie-Massage ist eine sanfte M\u00f6glichkeit, wieder mehr in Verbindung zu dir selbst zu kommen. In dieser besonderen Massage arbeite ich mit den Energiezentren deines K\u00f6rpers \u2013 den sogenannten Chakren. [&hellip;]<\/p>\n","protected":false},"author":1,"featured_media":0,"parent":0,"menu_order":0,"comment_status":"closed","ping_status":"closed","template":"","meta":{"footnotes":""},"class_list":["post-1365","page","type-page","status-publish","hentry","entry"],"yoast_head":"<!-- This site is optimized with the Yoast SEO plugin v25.2 - https:\/\/yoast.com\/wordpress\/plugins\/seo\/ -->\n<title>Chakra Energie Massage am Fu\u00df - \u201eEntspanne mit Yoga und Fu\u00dfmassage \u2013 f\u00fcr ein rundum wohltuendes K\u00f6rpergef\u00fchl und mehr Ausgeglichenheit.\u201c<\/title>\n<meta name=\"robots\" content=\"index, follow, max-snippet:-1, max-image-preview:large, max-video-preview:-1\" \/>\n<link rel=\"canonical\" href=\"https:\/\/janine-weikum.de\/?page_id=1365\" \/>\n<meta property=\"og:locale\" content=\"de_DE\" \/>\n<meta property=\"og:type\" content=\"article\" \/>\n<meta property=\"og:title\" content=\"Chakra Energie Massage am Fu\u00df - \u201eEntspanne mit Yoga und Fu\u00dfmassage \u2013 f\u00fcr ein rundum wohltuendes K\u00f6rpergef\u00fchl und mehr Ausgeglichenheit.\u201c\" \/>\n<meta property=\"og:description\" content=\"Chakra-Energie-Massage \u2013 in Verbindung kommen, in Balance sein Manchmal f\u00fchlen wir uns aus dem Gleichgewicht \u2013 innerlich unruhig, ersch\u00f6pft oder einfach nicht ganz bei uns. Die Chakra-Energie-Massage ist eine sanfte M\u00f6glichkeit, wieder mehr in Verbindung zu dir selbst zu kommen. In dieser besonderen Massage arbeite ich mit den Energiezentren deines K\u00f6rpers \u2013 den sogenannten Chakren. [&hellip;]\" \/>\n<meta property=\"og:url\" content=\"https:\/\/janine-weikum.de\/?page_id=1365\" \/>\n<meta property=\"og:site_name\" content=\"\u201eEntspanne mit Yoga und Fu\u00dfmassage \u2013 f\u00fcr ein rundum wohltuendes K\u00f6rpergef\u00fchl und mehr Ausgeglichenheit.\u201c\" \/>\n<meta property=\"article:modified_time\" content=\"2025-07-14T10:33:05+00:00\" \/>\n<meta property=\"og:image\" content=\"https:\/\/janine-weikum.de\/wp-content\/uploads\/2016\/11\/Logos_Allg.png\" \/>\n\t<meta property=\"og:image:width\" content=\"420\" \/>\n\t<meta property=\"og:image:height\" content=\"420\" \/>\n\t<meta property=\"og:image:type\" content=\"image\/png\" \/>\n<meta name=\"twitter:card\" content=\"summary_large_image\" \/>\n<meta name=\"twitter:label1\" content=\"Gesch\u00e4tzte Lesezeit\" \/>\n\t<meta name=\"twitter:data1\" content=\"2\u00a0Minuten\" \/>\n<script type=\"application\/ld+json\" class=\"yoast-schema-graph\">{\"@context\":\"https:\/\/schema.org\",\"@graph\":[{\"@type\":\"WebPage\",\"@id\":\"https:\/\/janine-weikum.de\/?page_id=1365\",\"url\":\"https:\/\/janine-weikum.de\/?page_id=1365\",\"name\":\"Chakra Energie Massage am Fu\u00df - \u201eEntspanne mit Yoga und Fu\u00dfmassage \u2013 f\u00fcr ein rundum wohltuendes K\u00f6rpergef\u00fchl und mehr Ausgeglichenheit.\u201c\",\"isPartOf\":{\"@id\":\"https:\/\/janine-weikum.de\/#website\"},\"datePublished\":\"2025-05-01T18:19:26+00:00\",\"dateModified\":\"2025-07-14T10:33:05+00:00\",\"breadcrumb\":{\"@id\":\"https:\/\/janine-weikum.de\/?page_id=1365#breadcrumb\"},\"inLanguage\":\"de\",\"potentialAction\":[{\"@type\":\"ReadAction\",\"target\":[\"https:\/\/janine-weikum.de\/?page_id=1365\"]}]},{\"@type\":\"BreadcrumbList\",\"@id\":\"https:\/\/janine-weikum.de\/?page_id=1365#breadcrumb\",\"itemListElement\":[{\"@type\":\"ListItem\",\"position\":1,\"name\":\"Startseite\",\"item\":\"https:\/\/janine-weikum.de\/\"},{\"@type\":\"ListItem\",\"position\":2,\"name\":\"Chakra Energie Massage am Fu\u00df\"}]},{\"@type\":\"WebSite\",\"@id\":\"https:\/\/janine-weikum.de\/#website\",\"url\":\"https:\/\/janine-weikum.de\/\",\"name\":\"\u201eEntspanne mit Yoga und Fu\u00dfmassage \u2013 f\u00fcr ein rundum wohltuendes K\u00f6rpergef\u00fchl und mehr Ausgeglichenheit.\u201c\",\"description\":\"Barfuss im Gleichgewicht \",\"publisher\":{\"@id\":\"https:\/\/janine-weikum.de\/#\/schema\/person\/c6c8e4b6f667602a7903f623dd37299c\"},\"alternateName\":\"barfuss Yoga + Fu\u00dfmassage\",\"potentialAction\":[{\"@type\":\"SearchAction\",\"target\":{\"@type\":\"EntryPoint\",\"urlTemplate\":\"https:\/\/janine-weikum.de\/?s={search_term_string}\"},\"query-input\":{\"@type\":\"PropertyValueSpecification\",\"valueRequired\":true,\"valueName\":\"search_term_string\"}}],\"inLanguage\":\"de\"},{\"@type\":[\"Person\",\"Organization\"],\"@id\":\"https:\/\/janine-weikum.de\/#\/schema\/person\/c6c8e4b6f667602a7903f623dd37299c\",\"name\":\"73935981\",\"image\":{\"@type\":\"ImageObject\",\"inLanguage\":\"de\",\"@id\":\"https:\/\/janine-weikum.de\/#\/schema\/person\/image\/\",\"url\":\"https:\/\/janine-weikum.de\/wp-content\/uploads\/2016\/11\/Logos_Allg.png\",\"contentUrl\":\"https:\/\/janine-weikum.de\/wp-content\/uploads\/2016\/11\/Logos_Allg.png\",\"width\":420,\"height\":420,\"caption\":\"73935981\"},\"logo\":{\"@id\":\"https:\/\/janine-weikum.de\/#\/schema\/person\/image\/\"},\"sameAs\":[\"https:\/\/www.instagram.com\/barfuss_yoga\/\"]}]}<\/script>\n<!-- \/ Yoast SEO plugin. -->","yoast_head_json":{"title":"Chakra Energie Massage am Fu\u00df - \u201eEntspanne mit Yoga und Fu\u00dfmassage \u2013 f\u00fcr ein rundum wohltuendes K\u00f6rpergef\u00fchl und mehr Ausgeglichenheit.\u201c","robots":{"index":"index","follow":"follow","max-snippet":"max-snippet:-1","max-image-preview":"max-image-preview:large","max-video-preview":"max-video-preview:-1"},"canonical":"https:\/\/janine-weikum.de\/?page_id=1365","og_locale":"de_DE","og_type":"article","og_title":"Chakra Energie Massage am Fu\u00df - \u201eEntspanne mit Yoga und Fu\u00dfmassage \u2013 f\u00fcr ein rundum wohltuendes K\u00f6rpergef\u00fchl und mehr Ausgeglichenheit.\u201c","og_description":"Chakra-Energie-Massage \u2013 in Verbindung kommen, in Balance sein Manchmal f\u00fchlen wir uns aus dem Gleichgewicht \u2013 innerlich unruhig, ersch\u00f6pft oder einfach nicht ganz bei uns. Die Chakra-Energie-Massage ist eine sanfte M\u00f6glichkeit, wieder mehr in Verbindung zu dir selbst zu kommen. In dieser besonderen Massage arbeite ich mit den Energiezentren deines K\u00f6rpers \u2013 den sogenannten Chakren. [&hellip;]","og_url":"https:\/\/janine-weikum.de\/?page_id=1365","og_site_name":"\u201eEntspanne mit Yoga und Fu\u00dfmassage \u2013 f\u00fcr ein rundum wohltuendes K\u00f6rpergef\u00fchl und mehr Ausgeglichenheit.\u201c","article_modified_time":"2025-07-14T10:33:05+00:00","og_image":[{"width":420,"height":420,"url":"https:\/\/janine-weikum.de\/wp-content\/uploads\/2016\/11\/Logos_Allg.png","type":"image\/png"}],"twitter_card":"summary_large_image","twitter_misc":{"Gesch\u00e4tzte Lesezeit":"2\u00a0Minuten"},"schema":{"@context":"https:\/\/schema.org","@graph":[{"@type":"WebPage","@id":"https:\/\/janine-weikum.de\/?page_id=1365","url":"https:\/\/janine-weikum.de\/?page_id=1365","name":"Chakra Energie Massage am Fu\u00df - \u201eEntspanne mit Yoga und Fu\u00dfmassage \u2013 f\u00fcr ein rundum wohltuendes K\u00f6rpergef\u00fchl und mehr Ausgeglichenheit.\u201c","isPartOf":{"@id":"https:\/\/janine-weikum.de\/#website"},"datePublished":"2025-05-01T18:19:26+00:00","dateModified":"2025-07-14T10:33:05+00:00","breadcrumb":{"@id":"https:\/\/janine-weikum.de\/?page_id=1365#breadcrumb"},"inLanguage":"de","potentialAction":[{"@type":"ReadAction","target":["https:\/\/janine-weikum.de\/?page_id=1365"]}]},{"@type":"BreadcrumbList","@id":"https:\/\/janine-weikum.de\/?page_id=1365#breadcrumb","itemListElement":[{"@type":"ListItem","position":1,"name":"Startseite","item":"https:\/\/janine-weikum.de\/"},{"@type":"ListItem","position":2,"name":"Chakra Energie Massage am Fu\u00df"}]},{"@type":"WebSite","@id":"https:\/\/janine-weikum.de\/#website","url":"https:\/\/janine-weikum.de\/","name":"\u201eEntspanne mit Yoga und Fu\u00dfmassage \u2013 f\u00fcr ein rundum wohltuendes K\u00f6rpergef\u00fchl und mehr Ausgeglichenheit.\u201c","description":"Barfuss im Gleichgewicht ","publisher":{"@id":"https:\/\/janine-weikum.de\/#\/schema\/person\/c6c8e4b6f667602a7903f623dd37299c"},"alternateName":"barfuss Yoga + Fu\u00dfmassage","potentialAction":[{"@type":"SearchAction","target":{"@type":"EntryPoint","urlTemplate":"https:\/\/janine-weikum.de\/?s={search_term_string}"},"query-input":{"@type":"PropertyValueSpecification","valueRequired":true,"valueName":"search_term_string"}}],"inLanguage":"de"},{"@type":["Person","Organization"],"@id":"https:\/\/janine-weikum.de\/#\/schema\/person\/c6c8e4b6f667602a7903f623dd37299c","name":"73935981","image":{"@type":"ImageObject","inLanguage":"de","@id":"https:\/\/janine-weikum.de\/#\/schema\/person\/image\/","url":"https:\/\/janine-weikum.de\/wp-content\/uploads\/2016\/11\/Logos_Allg.png","contentUrl":"https:\/\/janine-weikum.de\/wp-content\/uploads\/2016\/11\/Logos_Allg.png","width":420,"height":420,"caption":"73935981"},"logo":{"@id":"https:\/\/janine-weikum.de\/#\/schema\/person\/image\/"},"sameAs":["https:\/\/www.instagram.com\/barfuss_yoga\/"]}]}},"_links":{"self":[{"href":"https:\/\/janine-weikum.de\/index.php?rest_route=\/wp\/v2\/pages\/1365","targetHints":{"allow":["GET"]}}],"collection":[{"href":"https:\/\/janine-weikum.de\/index.php?rest_route=\/wp\/v2\/pages"}],"about":[{"href":"https:\/\/janine-weikum.de\/index.php?rest_route=\/wp\/v2\/types\/page"}],"author":[{"embeddable":true,"href":"https:\/\/janine-weikum.de\/index.php?rest_route=\/wp\/v2\/users\/1"}],"replies":[{"embeddable":true,"href":"https:\/\/janine-weikum.de\/index.php?rest_route=%2Fwp%2Fv2%2Fcomments&post=1365"}],"version-history":[{"count":31,"href":"https:\/\/janine-weikum.de\/index.php?rest_route=\/wp\/v2\/pages\/1365\/revisions"}],"predecessor-version":[{"id":2327,"href":"https:\/\/janine-weikum.de\/index.php?rest_route=\/wp\/v2\/pages\/1365\/revisions\/2327"}],"wp:attachment":[{"href":"https:\/\/janine-weikum.de\/index.php?rest_route=%2Fwp%2Fv2%2Fmedia&parent=1365"}],"curies":[{"name":"wp","href":"https:\/\/api.w.org\/{rel}","templated":true}]}}