{"id":1367,"date":"2025-05-01T18:19:46","date_gmt":"2025-05-01T18:19:46","guid":{"rendered":"https:\/\/janine-weikum.de\/?page_id=1367"},"modified":"2025-07-14T10:33:54","modified_gmt":"2025-07-14T10:33:54","slug":"fussmassage-auf-basis-der-reflexzonen","status":"publish","type":"page","link":"https:\/\/janine-weikum.de\/?page_id=1367","title":{"rendered":"Fu\u00dfmassage auf Basis der Reflexzonen"},"content":{"rendered":"\t\t<div data-elementor-type=\"wp-page\" data-elementor-id=\"1367\" class=\"elementor elementor-1367\" data-elementor-post-type=\"page\">\n\t\t\t\t<div class=\"elementor-element elementor-element-a1bd20a e-flex e-con-boxed e-con e-parent\" data-id=\"a1bd20a\" data-element_type=\"container\" data-settings=\"{&quot;background_background&quot;:&quot;classic&quot;}\">\n\t\t\t\t\t<div class=\"e-con-inner\">\n\t\t\t\t<div class=\"elementor-element elementor-element-7151d1f elementor-widget elementor-widget-spacer\" data-id=\"7151d1f\" data-element_type=\"widget\" data-widget_type=\"spacer.default\">\n\t\t\t\t<div class=\"elementor-widget-container\">\n\t\t\t\t\t\t\t<div class=\"elementor-spacer\">\n\t\t\t<div class=\"elementor-spacer-inner\"><\/div>\n\t\t<\/div>\n\t\t\t\t\t\t<\/div>\n\t\t\t\t<\/div>\n\t\t\t\t<div class=\"elementor-element elementor-element-dcb2d64 elementor-widget elementor-widget-heading\" data-id=\"dcb2d64\" data-element_type=\"widget\" data-widget_type=\"heading.default\">\n\t\t\t\t<div class=\"elementor-widget-container\">\n\t\t\t\t\t<h2 class=\"elementor-heading-title elementor-size-default\">Eine kleine Auszeit f\u00fcr deine F\u00fc\u00dfe<\/h2>\t\t\t\t<\/div>\n\t\t\t\t<\/div>\n\t\t\t\t<div class=\"elementor-element elementor-element-5596c42 elementor-widget elementor-widget-text-editor\" data-id=\"5596c42\" data-element_type=\"widget\" data-widget_type=\"text-editor.default\">\n\t\t\t\t<div class=\"elementor-widget-container\">\n\t\t\t\t\t\t\t\t\t<p><span style=\"font-weight: 400;\">Stell dir vor, du nimmst dir einfach mal eine Auszeit und k\u00fcmmerst dich um deine F\u00fc\u00dfe \u2013 sie tragen dich den ganzen Tag, also verdienen sie es, verw\u00f6hnt zu werden. An deinen F\u00fc\u00dfen gibt es kleine Stellen, die mit deinem ganzen K\u00f6rper verbunden sind. Wenn wir diese Zonen sanft massieren, kann das wahre Wunder wirken. Deine F\u00fc\u00dfe f\u00fchlen sich danach nicht nur entspannt an, sondern dein ganzer K\u00f6rper wird beruhigt.<\/span><\/p><p><b>Wie funktioniert das genau?<\/b><\/p><p><span style=\"font-weight: 400;\">Jeder Bereich deiner F\u00fc\u00dfe steht in Verbindung mit einem anderen Teil deines K\u00f6rpers. Die Zehen unterst\u00fctzen den Kopf, die Fu\u00dfmitte steht f\u00fcr den Bauch, und die Ferse hilft dem unteren R\u00fccken. Wenn wir diese Zonen ber\u00fchren und massieren, kann dein K\u00f6rper wieder mehr in Balance kommen..<\/span><span style=\"font-weight: 400;\"><br \/><br \/><\/span><\/p><p><b>Was kannst du erwarten?<\/b><\/p><ul><li style=\"font-weight: 400;\" aria-level=\"1\"><b>Tief durchatmen<\/b><span style=\"font-weight: 400;\">: Du wirst merken, wie der Stress von dir abf\u00e4llt. Deine F\u00fc\u00dfe und dein Geist kommen zur Ruhe.<\/span><span style=\"font-weight: 400;\"><br \/><br \/><\/span><\/li><li style=\"font-weight: 400;\" aria-level=\"1\"><b>Linderung von kleinen Beschwerden<\/b><span style=\"font-weight: 400;\">: Ob Kopfschmerzen oder Verspannungen im R\u00fccken \u2013 oft kann eine Fu\u00dfmassage eine kleine Erleichterung bringen.<\/span><span style=\"font-weight: 400;\"><br \/><br \/><\/span><\/li><li style=\"font-weight: 400;\" aria-level=\"1\"><b>Bessere Durchblutung<\/b><span style=\"font-weight: 400;\">: Die Massage regt die Blutzirkulation an, und das tut deinem K\u00f6rper richtig gut \u2013 alles wird besser versorgt.<\/span><span style=\"font-weight: 400;\"><br \/><br \/><\/span><\/li><li style=\"font-weight: 400;\" aria-level=\"1\"><b>Mehr Energie<\/b><span style=\"font-weight: 400;\">: Dein K\u00f6rper wird gest\u00e4rkt, und du f\u00fchlst dich insgesamt fitter und widerstandsf\u00e4higer.<\/span><span style=\"font-weight: 400;\"><br \/><br \/><\/span><\/li><\/ul><p><b>F\u00fcr K\u00f6rper und Seele<\/b><\/p><p><span style=\"font-weight: 400;\">Diese kleine Auszeit ist nicht nur etwas f\u00fcr deinen K\u00f6rper, sondern auch f\u00fcr deine Seele. Du wirst merken, wie sich innere Ruhe einstellt und du wieder ganz bei dir bist.\u00a0<\/span><\/p><p><b>Wer kann das machen?<\/b><\/p><p><span style=\"font-weight: 400;\">Jeder! Du kannst es dir selbst g\u00f6nnen, ob du gerade viel um die Ohren hast oder einfach mal eine Pause brauchst. Deine F\u00fc\u00dfe werden es dir danken, und dein K\u00f6rper wird sich erfrischt und gest\u00e4rkt anf\u00fchlen.<\/span><\/p>\t\t\t\t\t\t\t\t<\/div>\n\t\t\t\t<\/div>\n\t\t\t\t<div class=\"elementor-element elementor-element-19423d5 elementor-align-center elementor-widget elementor-widget-button\" data-id=\"19423d5\" data-element_type=\"widget\" data-widget_type=\"button.default\">\n\t\t\t\t<div class=\"elementor-widget-container\">\n\t\t\t\t\t\t\t\t\t<div class=\"elementor-button-wrapper\">\n\t\t\t\t\t<a class=\"elementor-button elementor-button-link elementor-size-sm\" href=\"https:\/\/janine-weikum.de\/?page_id=1371\">\n\t\t\t\t\t\t<span class=\"elementor-button-content-wrapper\">\n\t\t\t\t\t\t<span class=\"elementor-button-icon\">\n\t\t\t\t<svg aria-hidden=\"true\" class=\"e-font-icon-svg e-far-grin-hearts\" viewBox=\"0 0 496 512\" xmlns=\"http:\/\/www.w3.org\/2000\/svg\"><path d=\"M353.6 304.6c-25.9 8.3-64.4 13.1-105.6 13.1s-79.6-4.8-105.6-13.1c-9.8-3.1-19.4 5.3-17.7 15.3 7.9 47.2 71.3 80 123.3 80s115.3-32.9 123.3-80c1.6-9.8-7.7-18.4-17.7-15.3zm-152.8-48.9c4.5 1.2 9.2-1.5 10.5-6l19.4-69.9c5.6-20.3-7.4-41.1-28.8-44.5-18.6-3-36.4 9.8-41.5 27.9l-2 7.1-7.1-1.9c-18.2-4.7-38.2 4.3-44.9 22-7.7 20.2 3.8 41.9 24.2 47.2l70.2 18.1zm188.8-65.3c-6.7-17.6-26.7-26.7-44.9-22l-7.1 1.9-2-7.1c-5-18.1-22.8-30.9-41.5-27.9-21.4 3.4-34.4 24.2-28.8 44.5l19.4 69.9c1.2 4.5 5.9 7.2 10.5 6l70.2-18.2c20.4-5.3 31.9-26.9 24.2-47.1zM248 8C111 8 0 119 0 256s111 248 248 248 248-111 248-248S385 8 248 8zm0 448c-110.3 0-200-89.7-200-200S137.7 56 248 56s200 89.7 200 200-89.7 200-200 200z\"><\/path><\/svg>\t\t\t<\/span>\n\t\t\t\t\t\t\t\t\t<span class=\"elementor-button-text\">Vereinbare jetzt einen Termin f\u00fcr deine Fu\u00dfmassage auf Basis der Reflexzonen!<\/span>\n\t\t\t\t\t<\/span>\n\t\t\t\t\t<\/a>\n\t\t\t\t<\/div>\n\t\t\t\t\t\t\t\t<\/div>\n\t\t\t\t<\/div>\n\t\t\t\t<div class=\"elementor-element elementor-element-5804af7 elementor-widget elementor-widget-spacer\" data-id=\"5804af7\" data-element_type=\"widget\" data-widget_type=\"spacer.default\">\n\t\t\t\t<div class=\"elementor-widget-container\">\n\t\t\t\t\t\t\t<div class=\"elementor-spacer\">\n\t\t\t<div class=\"elementor-spacer-inner\"><\/div>\n\t\t<\/div>\n\t\t\t\t\t\t<\/div>\n\t\t\t\t<\/div>\n\t\t\t\t\t<\/div>\n\t\t\t\t<\/div>\n\t\t<div class=\"elementor-element elementor-element-251e8dd e-flex e-con-boxed e-con e-parent\" data-id=\"251e8dd\" data-element_type=\"container\">\n\t\t\t\t\t<div class=\"e-con-inner\">\n\t\t\t\t\t<\/div>\n\t\t\t\t<\/div>\n\t\t\t\t<\/div>\n\t\t","protected":false},"excerpt":{"rendered":"<p>Eine kleine Auszeit f\u00fcr deine F\u00fc\u00dfe Stell dir vor, du nimmst dir einfach mal eine Auszeit und k\u00fcmmerst dich um deine F\u00fc\u00dfe \u2013 sie tragen dich den ganzen Tag, also verdienen sie es, verw\u00f6hnt zu werden. An deinen F\u00fc\u00dfen gibt es kleine Stellen, die mit deinem ganzen K\u00f6rper verbunden sind. Wenn wir diese Zonen sanft [&hellip;]<\/p>\n","protected":false},"author":1,"featured_media":0,"parent":0,"menu_order":0,"comment_status":"closed","ping_status":"closed","template":"","meta":{"footnotes":""},"class_list":["post-1367","page","type-page","status-publish","hentry","entry"],"yoast_head":"<!-- This site is optimized with the Yoast SEO plugin v25.2 - https:\/\/yoast.com\/wordpress\/plugins\/seo\/ -->\n<title>Fu\u00dfmassage auf Basis der Reflexzonen - \u201eEntspanne mit Yoga und Fu\u00dfmassage \u2013 f\u00fcr ein rundum wohltuendes K\u00f6rpergef\u00fchl und mehr Ausgeglichenheit.\u201c<\/title>\n<meta name=\"robots\" content=\"index, follow, max-snippet:-1, max-image-preview:large, max-video-preview:-1\" \/>\n<link rel=\"canonical\" href=\"https:\/\/janine-weikum.de\/?page_id=1367\" \/>\n<meta property=\"og:locale\" content=\"de_DE\" \/>\n<meta property=\"og:type\" content=\"article\" \/>\n<meta property=\"og:title\" content=\"Fu\u00dfmassage auf Basis der Reflexzonen - \u201eEntspanne mit Yoga und Fu\u00dfmassage \u2013 f\u00fcr ein rundum wohltuendes K\u00f6rpergef\u00fchl und mehr Ausgeglichenheit.\u201c\" \/>\n<meta property=\"og:description\" content=\"Eine kleine Auszeit f\u00fcr deine F\u00fc\u00dfe Stell dir vor, du nimmst dir einfach mal eine Auszeit und k\u00fcmmerst dich um deine F\u00fc\u00dfe \u2013 sie tragen dich den ganzen Tag, also verdienen sie es, verw\u00f6hnt zu werden. An deinen F\u00fc\u00dfen gibt es kleine Stellen, die mit deinem ganzen K\u00f6rper verbunden sind. Wenn wir diese Zonen sanft [&hellip;]\" \/>\n<meta property=\"og:url\" content=\"https:\/\/janine-weikum.de\/?page_id=1367\" \/>\n<meta property=\"og:site_name\" content=\"\u201eEntspanne mit Yoga und Fu\u00dfmassage \u2013 f\u00fcr ein rundum wohltuendes K\u00f6rpergef\u00fchl und mehr Ausgeglichenheit.\u201c\" \/>\n<meta property=\"article:modified_time\" content=\"2025-07-14T10:33:54+00:00\" \/>\n<meta property=\"og:image\" content=\"https:\/\/janine-weikum.de\/wp-content\/uploads\/2016\/11\/Logos_Allg.png\" \/>\n\t<meta property=\"og:image:width\" content=\"420\" \/>\n\t<meta property=\"og:image:height\" content=\"420\" \/>\n\t<meta property=\"og:image:type\" content=\"image\/png\" \/>\n<meta name=\"twitter:card\" content=\"summary_large_image\" \/>\n<meta name=\"twitter:label1\" content=\"Gesch\u00e4tzte Lesezeit\" \/>\n\t<meta name=\"twitter:data1\" content=\"2\u00a0Minuten\" \/>\n<script type=\"application\/ld+json\" class=\"yoast-schema-graph\">{\"@context\":\"https:\/\/schema.org\",\"@graph\":[{\"@type\":\"WebPage\",\"@id\":\"https:\/\/janine-weikum.de\/?page_id=1367\",\"url\":\"https:\/\/janine-weikum.de\/?page_id=1367\",\"name\":\"Fu\u00dfmassage auf Basis der Reflexzonen - \u201eEntspanne mit Yoga und Fu\u00dfmassage \u2013 f\u00fcr ein rundum wohltuendes K\u00f6rpergef\u00fchl und mehr Ausgeglichenheit.\u201c\",\"isPartOf\":{\"@id\":\"https:\/\/janine-weikum.de\/#website\"},\"datePublished\":\"2025-05-01T18:19:46+00:00\",\"dateModified\":\"2025-07-14T10:33:54+00:00\",\"breadcrumb\":{\"@id\":\"https:\/\/janine-weikum.de\/?page_id=1367#breadcrumb\"},\"inLanguage\":\"de\",\"potentialAction\":[{\"@type\":\"ReadAction\",\"target\":[\"https:\/\/janine-weikum.de\/?page_id=1367\"]}]},{\"@type\":\"BreadcrumbList\",\"@id\":\"https:\/\/janine-weikum.de\/?page_id=1367#breadcrumb\",\"itemListElement\":[{\"@type\":\"ListItem\",\"position\":1,\"name\":\"Startseite\",\"item\":\"https:\/\/janine-weikum.de\/\"},{\"@type\":\"ListItem\",\"position\":2,\"name\":\"Fu\u00dfmassage auf Basis der Reflexzonen\"}]},{\"@type\":\"WebSite\",\"@id\":\"https:\/\/janine-weikum.de\/#website\",\"url\":\"https:\/\/janine-weikum.de\/\",\"name\":\"\u201eEntspanne mit Yoga und Fu\u00dfmassage \u2013 f\u00fcr ein rundum wohltuendes K\u00f6rpergef\u00fchl und mehr Ausgeglichenheit.\u201c\",\"description\":\"Barfuss im Gleichgewicht \",\"publisher\":{\"@id\":\"https:\/\/janine-weikum.de\/#\/schema\/person\/c6c8e4b6f667602a7903f623dd37299c\"},\"alternateName\":\"barfuss Yoga + Fu\u00dfmassage\",\"potentialAction\":[{\"@type\":\"SearchAction\",\"target\":{\"@type\":\"EntryPoint\",\"urlTemplate\":\"https:\/\/janine-weikum.de\/?s={search_term_string}\"},\"query-input\":{\"@type\":\"PropertyValueSpecification\",\"valueRequired\":true,\"valueName\":\"search_term_string\"}}],\"inLanguage\":\"de\"},{\"@type\":[\"Person\",\"Organization\"],\"@id\":\"https:\/\/janine-weikum.de\/#\/schema\/person\/c6c8e4b6f667602a7903f623dd37299c\",\"name\":\"73935981\",\"image\":{\"@type\":\"ImageObject\",\"inLanguage\":\"de\",\"@id\":\"https:\/\/janine-weikum.de\/#\/schema\/person\/image\/\",\"url\":\"https:\/\/janine-weikum.de\/wp-content\/uploads\/2016\/11\/Logos_Allg.png\",\"contentUrl\":\"https:\/\/janine-weikum.de\/wp-content\/uploads\/2016\/11\/Logos_Allg.png\",\"width\":420,\"height\":420,\"caption\":\"73935981\"},\"logo\":{\"@id\":\"https:\/\/janine-weikum.de\/#\/schema\/person\/image\/\"},\"sameAs\":[\"https:\/\/www.instagram.com\/barfuss_yoga\/\"]}]}<\/script>\n<!-- \/ Yoast SEO plugin. -->","yoast_head_json":{"title":"Fu\u00dfmassage auf Basis der Reflexzonen - \u201eEntspanne mit Yoga und Fu\u00dfmassage \u2013 f\u00fcr ein rundum wohltuendes K\u00f6rpergef\u00fchl und mehr Ausgeglichenheit.\u201c","robots":{"index":"index","follow":"follow","max-snippet":"max-snippet:-1","max-image-preview":"max-image-preview:large","max-video-preview":"max-video-preview:-1"},"canonical":"https:\/\/janine-weikum.de\/?page_id=1367","og_locale":"de_DE","og_type":"article","og_title":"Fu\u00dfmassage auf Basis der Reflexzonen - \u201eEntspanne mit Yoga und Fu\u00dfmassage \u2013 f\u00fcr ein rundum wohltuendes K\u00f6rpergef\u00fchl und mehr Ausgeglichenheit.\u201c","og_description":"Eine kleine Auszeit f\u00fcr deine F\u00fc\u00dfe Stell dir vor, du nimmst dir einfach mal eine Auszeit und k\u00fcmmerst dich um deine F\u00fc\u00dfe \u2013 sie tragen dich den ganzen Tag, also verdienen sie es, verw\u00f6hnt zu werden. An deinen F\u00fc\u00dfen gibt es kleine Stellen, die mit deinem ganzen K\u00f6rper verbunden sind. Wenn wir diese Zonen sanft [&hellip;]","og_url":"https:\/\/janine-weikum.de\/?page_id=1367","og_site_name":"\u201eEntspanne mit Yoga und Fu\u00dfmassage \u2013 f\u00fcr ein rundum wohltuendes K\u00f6rpergef\u00fchl und mehr Ausgeglichenheit.\u201c","article_modified_time":"2025-07-14T10:33:54+00:00","og_image":[{"width":420,"height":420,"url":"https:\/\/janine-weikum.de\/wp-content\/uploads\/2016\/11\/Logos_Allg.png","type":"image\/png"}],"twitter_card":"summary_large_image","twitter_misc":{"Gesch\u00e4tzte Lesezeit":"2\u00a0Minuten"},"schema":{"@context":"https:\/\/schema.org","@graph":[{"@type":"WebPage","@id":"https:\/\/janine-weikum.de\/?page_id=1367","url":"https:\/\/janine-weikum.de\/?page_id=1367","name":"Fu\u00dfmassage auf Basis der Reflexzonen - \u201eEntspanne mit Yoga und Fu\u00dfmassage \u2013 f\u00fcr ein rundum wohltuendes K\u00f6rpergef\u00fchl und mehr Ausgeglichenheit.\u201c","isPartOf":{"@id":"https:\/\/janine-weikum.de\/#website"},"datePublished":"2025-05-01T18:19:46+00:00","dateModified":"2025-07-14T10:33:54+00:00","breadcrumb":{"@id":"https:\/\/janine-weikum.de\/?page_id=1367#breadcrumb"},"inLanguage":"de","potentialAction":[{"@type":"ReadAction","target":["https:\/\/janine-weikum.de\/?page_id=1367"]}]},{"@type":"BreadcrumbList","@id":"https:\/\/janine-weikum.de\/?page_id=1367#breadcrumb","itemListElement":[{"@type":"ListItem","position":1,"name":"Startseite","item":"https:\/\/janine-weikum.de\/"},{"@type":"ListItem","position":2,"name":"Fu\u00dfmassage auf Basis der Reflexzonen"}]},{"@type":"WebSite","@id":"https:\/\/janine-weikum.de\/#website","url":"https:\/\/janine-weikum.de\/","name":"\u201eEntspanne mit Yoga und Fu\u00dfmassage \u2013 f\u00fcr ein rundum wohltuendes K\u00f6rpergef\u00fchl und mehr Ausgeglichenheit.\u201c","description":"Barfuss im Gleichgewicht ","publisher":{"@id":"https:\/\/janine-weikum.de\/#\/schema\/person\/c6c8e4b6f667602a7903f623dd37299c"},"alternateName":"barfuss Yoga + Fu\u00dfmassage","potentialAction":[{"@type":"SearchAction","target":{"@type":"EntryPoint","urlTemplate":"https:\/\/janine-weikum.de\/?s={search_term_string}"},"query-input":{"@type":"PropertyValueSpecification","valueRequired":true,"valueName":"search_term_string"}}],"inLanguage":"de"},{"@type":["Person","Organization"],"@id":"https:\/\/janine-weikum.de\/#\/schema\/person\/c6c8e4b6f667602a7903f623dd37299c","name":"73935981","image":{"@type":"ImageObject","inLanguage":"de","@id":"https:\/\/janine-weikum.de\/#\/schema\/person\/image\/","url":"https:\/\/janine-weikum.de\/wp-content\/uploads\/2016\/11\/Logos_Allg.png","contentUrl":"https:\/\/janine-weikum.de\/wp-content\/uploads\/2016\/11\/Logos_Allg.png","width":420,"height":420,"caption":"73935981"},"logo":{"@id":"https:\/\/janine-weikum.de\/#\/schema\/person\/image\/"},"sameAs":["https:\/\/www.instagram.com\/barfuss_yoga\/"]}]}},"_links":{"self":[{"href":"https:\/\/janine-weikum.de\/index.php?rest_route=\/wp\/v2\/pages\/1367","targetHints":{"allow":["GET"]}}],"collection":[{"href":"https:\/\/janine-weikum.de\/index.php?rest_route=\/wp\/v2\/pages"}],"about":[{"href":"https:\/\/janine-weikum.de\/index.php?rest_route=\/wp\/v2\/types\/page"}],"author":[{"embeddable":true,"href":"https:\/\/janine-weikum.de\/index.php?rest_route=\/wp\/v2\/users\/1"}],"replies":[{"embeddable":true,"href":"https:\/\/janine-weikum.de\/index.php?rest_route=%2Fwp%2Fv2%2Fcomments&post=1367"}],"version-history":[{"count":31,"href":"https:\/\/janine-weikum.de\/index.php?rest_route=\/wp\/v2\/pages\/1367\/revisions"}],"predecessor-version":[{"id":2330,"href":"https:\/\/janine-weikum.de\/index.php?rest_route=\/wp\/v2\/pages\/1367\/revisions\/2330"}],"wp:attachment":[{"href":"https:\/\/janine-weikum.de\/index.php?rest_route=%2Fwp%2Fv2%2Fmedia&parent=1367"}],"curies":[{"name":"wp","href":"https:\/\/api.w.org\/{rel}","templated":true}]}}