{"id":1369,"date":"2025-05-01T18:20:13","date_gmt":"2025-05-01T18:20:13","guid":{"rendered":"https:\/\/janine-weikum.de\/?page_id=1369"},"modified":"2025-05-13T15:17:14","modified_gmt":"2025-05-13T15:17:14","slug":"impressum","status":"publish","type":"page","link":"https:\/\/janine-weikum.de\/?page_id=1369","title":{"rendered":"Impressum"},"content":{"rendered":"\t\t<div data-elementor-type=\"wp-page\" data-elementor-id=\"1369\" class=\"elementor elementor-1369\" data-elementor-post-type=\"page\">\n\t\t\t\t<div class=\"elementor-element elementor-element-8af1ba3 e-flex e-con-boxed e-con e-parent\" data-id=\"8af1ba3\" data-element_type=\"container\" data-settings=\"{&quot;background_background&quot;:&quot;classic&quot;}\">\n\t\t\t\t\t<div class=\"e-con-inner\">\n\t\t\t\t<div class=\"elementor-element elementor-element-1931995 elementor-widget elementor-widget-spacer\" data-id=\"1931995\" data-element_type=\"widget\" data-widget_type=\"spacer.default\">\n\t\t\t\t<div class=\"elementor-widget-container\">\n\t\t\t\t\t\t\t<div class=\"elementor-spacer\">\n\t\t\t<div class=\"elementor-spacer-inner\"><\/div>\n\t\t<\/div>\n\t\t\t\t\t\t<\/div>\n\t\t\t\t<\/div>\n\t\t<div class=\"elementor-element elementor-element-a1889d4 e-con-full e-flex e-con e-child\" data-id=\"a1889d4\" data-element_type=\"container\">\n\t\t\t\t<div class=\"elementor-element elementor-element-275b8a1 elementor-widget elementor-widget-heading\" data-id=\"275b8a1\" data-element_type=\"widget\" data-widget_type=\"heading.default\">\n\t\t\t\t<div class=\"elementor-widget-container\">\n\t\t\t\t\t<h2 class=\"elementor-heading-title elementor-size-default\">Impressum<\/h2>\t\t\t\t<\/div>\n\t\t\t\t<\/div>\n\t\t\t\t<div class=\"elementor-element elementor-element-a627b37 elementor-widget elementor-widget-text-editor\" data-id=\"a627b37\" data-element_type=\"widget\" data-widget_type=\"text-editor.default\">\n\t\t\t\t<div class=\"elementor-widget-container\">\n\t\t\t\t\t\t\t\t\t<p>Angaben gem\u00e4\u00df \u00a7 5 TMG<\/p><p>Janine Weikum<br \/>barfuss Yoga + Fu\u00dfmassage<br \/>Ohmbachsgasse 2a<br \/>63739 Aschaffenburg<\/p><p>Telefon: +49 160 91935894<br \/>E-Mail: janine@barfuss-aschaffenburg.de<\/p><p>Quelle:<br \/>e-recht24.de<\/p>\t\t\t\t\t\t\t\t<\/div>\n\t\t\t\t<\/div>\n\t\t\t\t<\/div>\n\t\t\t\t<div class=\"elementor-element elementor-element-69f3f4f elementor-widget elementor-widget-spacer\" data-id=\"69f3f4f\" data-element_type=\"widget\" data-widget_type=\"spacer.default\">\n\t\t\t\t<div class=\"elementor-widget-container\">\n\t\t\t\t\t\t\t<div class=\"elementor-spacer\">\n\t\t\t<div class=\"elementor-spacer-inner\"><\/div>\n\t\t<\/div>\n\t\t\t\t\t\t<\/div>\n\t\t\t\t<\/div>\n\t\t\t\t\t<\/div>\n\t\t\t\t<\/div>\n\t\t<div class=\"elementor-element elementor-element-9c87b4f e-flex e-con-boxed e-con e-parent\" data-id=\"9c87b4f\" data-element_type=\"container\">\n\t\t\t\t\t<div class=\"e-con-inner\">\n\t\t\t\t\t<\/div>\n\t\t\t\t<\/div>\n\t\t\t\t<\/div>\n\t\t","protected":false},"excerpt":{"rendered":"<p>Impressum Angaben gem\u00e4\u00df \u00a7 5 TMG Janine Weikumbarfuss Yoga + Fu\u00dfmassageOhmbachsgasse 2a63739 Aschaffenburg Telefon: +49 160 91935894E-Mail: janine@barfuss-aschaffenburg.de Quelle:e-recht24.de<\/p>\n","protected":false},"author":1,"featured_media":0,"parent":0,"menu_order":0,"comment_status":"closed","ping_status":"closed","template":"","meta":{"footnotes":""},"class_list":["post-1369","page","type-page","status-publish","hentry","entry"],"yoast_head":"<!-- This site is optimized with the Yoast SEO plugin v25.2 - https:\/\/yoast.com\/wordpress\/plugins\/seo\/ -->\n<title>Impressum - \u201eEntspanne mit Yoga und Fu\u00dfmassage \u2013 f\u00fcr ein rundum wohltuendes K\u00f6rpergef\u00fchl und mehr Ausgeglichenheit.\u201c<\/title>\n<meta name=\"robots\" content=\"index, follow, max-snippet:-1, max-image-preview:large, max-video-preview:-1\" \/>\n<link rel=\"canonical\" href=\"https:\/\/janine-weikum.de\/?page_id=1369\" \/>\n<meta property=\"og:locale\" content=\"de_DE\" \/>\n<meta property=\"og:type\" content=\"article\" \/>\n<meta property=\"og:title\" content=\"Impressum - \u201eEntspanne mit Yoga und Fu\u00dfmassage \u2013 f\u00fcr ein rundum wohltuendes K\u00f6rpergef\u00fchl und mehr Ausgeglichenheit.\u201c\" \/>\n<meta property=\"og:description\" content=\"Impressum Angaben gem\u00e4\u00df \u00a7 5 TMG Janine Weikumbarfuss Yoga + Fu\u00dfmassageOhmbachsgasse 2a63739 Aschaffenburg Telefon: +49 160 91935894E-Mail: janine@barfuss-aschaffenburg.de Quelle:e-recht24.de\" \/>\n<meta property=\"og:url\" content=\"https:\/\/janine-weikum.de\/?page_id=1369\" \/>\n<meta property=\"og:site_name\" content=\"\u201eEntspanne mit Yoga und Fu\u00dfmassage \u2013 f\u00fcr ein rundum wohltuendes K\u00f6rpergef\u00fchl und mehr Ausgeglichenheit.\u201c\" \/>\n<meta property=\"article:modified_time\" content=\"2025-05-13T15:17:14+00:00\" \/>\n<meta property=\"og:image\" content=\"https:\/\/janine-weikum.de\/wp-content\/uploads\/2016\/11\/Logos_Allg.png\" \/>\n\t<meta property=\"og:image:width\" content=\"420\" \/>\n\t<meta property=\"og:image:height\" content=\"420\" \/>\n\t<meta property=\"og:image:type\" content=\"image\/png\" \/>\n<meta name=\"twitter:card\" content=\"summary_large_image\" \/>\n<meta name=\"twitter:label1\" content=\"Gesch\u00e4tzte Lesezeit\" \/>\n\t<meta name=\"twitter:data1\" content=\"1\u00a0Minute\" \/>\n<script type=\"application\/ld+json\" class=\"yoast-schema-graph\">{\"@context\":\"https:\/\/schema.org\",\"@graph\":[{\"@type\":\"WebPage\",\"@id\":\"https:\/\/janine-weikum.de\/?page_id=1369\",\"url\":\"https:\/\/janine-weikum.de\/?page_id=1369\",\"name\":\"Impressum - \u201eEntspanne mit Yoga und Fu\u00dfmassage \u2013 f\u00fcr ein rundum wohltuendes K\u00f6rpergef\u00fchl und mehr Ausgeglichenheit.\u201c\",\"isPartOf\":{\"@id\":\"https:\/\/janine-weikum.de\/#website\"},\"datePublished\":\"2025-05-01T18:20:13+00:00\",\"dateModified\":\"2025-05-13T15:17:14+00:00\",\"breadcrumb\":{\"@id\":\"https:\/\/janine-weikum.de\/?page_id=1369#breadcrumb\"},\"inLanguage\":\"de\",\"potentialAction\":[{\"@type\":\"ReadAction\",\"target\":[\"https:\/\/janine-weikum.de\/?page_id=1369\"]}]},{\"@type\":\"BreadcrumbList\",\"@id\":\"https:\/\/janine-weikum.de\/?page_id=1369#breadcrumb\",\"itemListElement\":[{\"@type\":\"ListItem\",\"position\":1,\"name\":\"Startseite\",\"item\":\"https:\/\/janine-weikum.de\/\"},{\"@type\":\"ListItem\",\"position\":2,\"name\":\"Impressum\"}]},{\"@type\":\"WebSite\",\"@id\":\"https:\/\/janine-weikum.de\/#website\",\"url\":\"https:\/\/janine-weikum.de\/\",\"name\":\"\u201eEntspanne mit Yoga und Fu\u00dfmassage \u2013 f\u00fcr ein rundum wohltuendes K\u00f6rpergef\u00fchl und mehr Ausgeglichenheit.\u201c\",\"description\":\"Barfuss im Gleichgewicht \",\"publisher\":{\"@id\":\"https:\/\/janine-weikum.de\/#\/schema\/person\/c6c8e4b6f667602a7903f623dd37299c\"},\"alternateName\":\"barfuss Yoga + Fu\u00dfmassage\",\"potentialAction\":[{\"@type\":\"SearchAction\",\"target\":{\"@type\":\"EntryPoint\",\"urlTemplate\":\"https:\/\/janine-weikum.de\/?s={search_term_string}\"},\"query-input\":{\"@type\":\"PropertyValueSpecification\",\"valueRequired\":true,\"valueName\":\"search_term_string\"}}],\"inLanguage\":\"de\"},{\"@type\":[\"Person\",\"Organization\"],\"@id\":\"https:\/\/janine-weikum.de\/#\/schema\/person\/c6c8e4b6f667602a7903f623dd37299c\",\"name\":\"73935981\",\"image\":{\"@type\":\"ImageObject\",\"inLanguage\":\"de\",\"@id\":\"https:\/\/janine-weikum.de\/#\/schema\/person\/image\/\",\"url\":\"https:\/\/janine-weikum.de\/wp-content\/uploads\/2016\/11\/Logos_Allg.png\",\"contentUrl\":\"https:\/\/janine-weikum.de\/wp-content\/uploads\/2016\/11\/Logos_Allg.png\",\"width\":420,\"height\":420,\"caption\":\"73935981\"},\"logo\":{\"@id\":\"https:\/\/janine-weikum.de\/#\/schema\/person\/image\/\"},\"sameAs\":[\"https:\/\/www.instagram.com\/barfuss_yoga\/\"]}]}<\/script>\n<!-- \/ Yoast SEO plugin. -->","yoast_head_json":{"title":"Impressum - \u201eEntspanne mit Yoga und Fu\u00dfmassage \u2013 f\u00fcr ein rundum wohltuendes K\u00f6rpergef\u00fchl und mehr Ausgeglichenheit.\u201c","robots":{"index":"index","follow":"follow","max-snippet":"max-snippet:-1","max-image-preview":"max-image-preview:large","max-video-preview":"max-video-preview:-1"},"canonical":"https:\/\/janine-weikum.de\/?page_id=1369","og_locale":"de_DE","og_type":"article","og_title":"Impressum - \u201eEntspanne mit Yoga und Fu\u00dfmassage \u2013 f\u00fcr ein rundum wohltuendes K\u00f6rpergef\u00fchl und mehr Ausgeglichenheit.\u201c","og_description":"Impressum Angaben gem\u00e4\u00df \u00a7 5 TMG Janine Weikumbarfuss Yoga + Fu\u00dfmassageOhmbachsgasse 2a63739 Aschaffenburg Telefon: +49 160 91935894E-Mail: janine@barfuss-aschaffenburg.de Quelle:e-recht24.de","og_url":"https:\/\/janine-weikum.de\/?page_id=1369","og_site_name":"\u201eEntspanne mit Yoga und Fu\u00dfmassage \u2013 f\u00fcr ein rundum wohltuendes K\u00f6rpergef\u00fchl und mehr Ausgeglichenheit.\u201c","article_modified_time":"2025-05-13T15:17:14+00:00","og_image":[{"width":420,"height":420,"url":"https:\/\/janine-weikum.de\/wp-content\/uploads\/2016\/11\/Logos_Allg.png","type":"image\/png"}],"twitter_card":"summary_large_image","twitter_misc":{"Gesch\u00e4tzte Lesezeit":"1\u00a0Minute"},"schema":{"@context":"https:\/\/schema.org","@graph":[{"@type":"WebPage","@id":"https:\/\/janine-weikum.de\/?page_id=1369","url":"https:\/\/janine-weikum.de\/?page_id=1369","name":"Impressum - \u201eEntspanne mit Yoga und Fu\u00dfmassage \u2013 f\u00fcr ein rundum wohltuendes K\u00f6rpergef\u00fchl und mehr Ausgeglichenheit.\u201c","isPartOf":{"@id":"https:\/\/janine-weikum.de\/#website"},"datePublished":"2025-05-01T18:20:13+00:00","dateModified":"2025-05-13T15:17:14+00:00","breadcrumb":{"@id":"https:\/\/janine-weikum.de\/?page_id=1369#breadcrumb"},"inLanguage":"de","potentialAction":[{"@type":"ReadAction","target":["https:\/\/janine-weikum.de\/?page_id=1369"]}]},{"@type":"BreadcrumbList","@id":"https:\/\/janine-weikum.de\/?page_id=1369#breadcrumb","itemListElement":[{"@type":"ListItem","position":1,"name":"Startseite","item":"https:\/\/janine-weikum.de\/"},{"@type":"ListItem","position":2,"name":"Impressum"}]},{"@type":"WebSite","@id":"https:\/\/janine-weikum.de\/#website","url":"https:\/\/janine-weikum.de\/","name":"\u201eEntspanne mit Yoga und Fu\u00dfmassage \u2013 f\u00fcr ein rundum wohltuendes K\u00f6rpergef\u00fchl und mehr Ausgeglichenheit.\u201c","description":"Barfuss im Gleichgewicht ","publisher":{"@id":"https:\/\/janine-weikum.de\/#\/schema\/person\/c6c8e4b6f667602a7903f623dd37299c"},"alternateName":"barfuss Yoga + Fu\u00dfmassage","potentialAction":[{"@type":"SearchAction","target":{"@type":"EntryPoint","urlTemplate":"https:\/\/janine-weikum.de\/?s={search_term_string}"},"query-input":{"@type":"PropertyValueSpecification","valueRequired":true,"valueName":"search_term_string"}}],"inLanguage":"de"},{"@type":["Person","Organization"],"@id":"https:\/\/janine-weikum.de\/#\/schema\/person\/c6c8e4b6f667602a7903f623dd37299c","name":"73935981","image":{"@type":"ImageObject","inLanguage":"de","@id":"https:\/\/janine-weikum.de\/#\/schema\/person\/image\/","url":"https:\/\/janine-weikum.de\/wp-content\/uploads\/2016\/11\/Logos_Allg.png","contentUrl":"https:\/\/janine-weikum.de\/wp-content\/uploads\/2016\/11\/Logos_Allg.png","width":420,"height":420,"caption":"73935981"},"logo":{"@id":"https:\/\/janine-weikum.de\/#\/schema\/person\/image\/"},"sameAs":["https:\/\/www.instagram.com\/barfuss_yoga\/"]}]}},"_links":{"self":[{"href":"https:\/\/janine-weikum.de\/index.php?rest_route=\/wp\/v2\/pages\/1369","targetHints":{"allow":["GET"]}}],"collection":[{"href":"https:\/\/janine-weikum.de\/index.php?rest_route=\/wp\/v2\/pages"}],"about":[{"href":"https:\/\/janine-weikum.de\/index.php?rest_route=\/wp\/v2\/types\/page"}],"author":[{"embeddable":true,"href":"https:\/\/janine-weikum.de\/index.php?rest_route=\/wp\/v2\/users\/1"}],"replies":[{"embeddable":true,"href":"https:\/\/janine-weikum.de\/index.php?rest_route=%2Fwp%2Fv2%2Fcomments&post=1369"}],"version-history":[{"count":16,"href":"https:\/\/janine-weikum.de\/index.php?rest_route=\/wp\/v2\/pages\/1369\/revisions"}],"predecessor-version":[{"id":2180,"href":"https:\/\/janine-weikum.de\/index.php?rest_route=\/wp\/v2\/pages\/1369\/revisions\/2180"}],"wp:attachment":[{"href":"https:\/\/janine-weikum.de\/index.php?rest_route=%2Fwp%2Fv2%2Fmedia&parent=1369"}],"curies":[{"name":"wp","href":"https:\/\/api.w.org\/{rel}","templated":true}]}}